{"id":1675,"date":"2023-09-10T08:38:29","date_gmt":"2023-09-10T08:38:29","guid":{"rendered":"https:\/\/consulting-panama.com\/services\/"},"modified":"2023-10-09T18:50:32","modified_gmt":"2023-10-09T18:50:32","slug":"services","status":"publish","type":"page","link":"https:\/\/consulting-panama.com\/de\/services\/","title":{"rendered":"Dienstleistungen"},"content":{"rendered":"\t\t<div data-elementor-type=\"wp-page\" data-elementor-id=\"1675\" class=\"elementor elementor-1675 elementor-97\" data-elementor-post-type=\"page\">\n\t\t\t\t\t\t<section class=\"elementor-section elementor-top-section elementor-element elementor-element-6344133 elementor-section-full_width elementor-section-height-min-height elementor-section-items-bottom elementor-section-content-middle elementor-section-height-default\" data-id=\"6344133\" data-element_type=\"section\" data-settings=\"{&quot;background_background&quot;:&quot;classic&quot;}\">\n\t\t\t\t\t\t\t<div class=\"elementor-background-overlay\"><\/div>\n\t\t\t\t\t\t\t<div class=\"elementor-container elementor-column-gap-no\">\n\t\t\t\t\t<div class=\"elementor-column elementor-col-50 elementor-top-column elementor-element elementor-element-97fd346 elementor-hidden-mobile\" data-id=\"97fd346\" data-element_type=\"column\" data-settings=\"{&quot;background_background&quot;:&quot;classic&quot;}\">\n\t\t\t<div class=\"elementor-widget-wrap elementor-element-populated\">\n\t\t\t\t\t\t<div class=\"elementor-element elementor-element-879eb2b elementor-widget elementor-widget-heading\" data-id=\"879eb2b\" data-element_type=\"widget\" data-widget_type=\"heading.default\">\n\t\t\t\t<div class=\"elementor-widget-container\">\n\t\t\t<style>\/*! elementor - v3.20.0 - 26-03-2024 *\/\n.elementor-heading-title{padding:0;margin:0;line-height:1}.elementor-widget-heading .elementor-heading-title[class*=elementor-size-]>a{color:inherit;font-size:inherit;line-height:inherit}.elementor-widget-heading .elementor-heading-title.elementor-size-small{font-size:15px}.elementor-widget-heading .elementor-heading-title.elementor-size-medium{font-size:19px}.elementor-widget-heading .elementor-heading-title.elementor-size-large{font-size:29px}.elementor-widget-heading .elementor-heading-title.elementor-size-xl{font-size:39px}.elementor-widget-heading .elementor-heading-title.elementor-size-xxl{font-size:59px}<\/style><h2 class=\"elementor-heading-title elementor-size-default\">Beratungsdienste<\/h2>\t\t<\/div>\n\t\t\t\t<\/div>\n\t\t\t\t<div class=\"elementor-element elementor-element-bf4a4e4 elementor-widget elementor-widget-text-editor\" data-id=\"bf4a4e4\" data-element_type=\"widget\" data-widget_type=\"text-editor.default\">\n\t\t\t\t<div class=\"elementor-widget-container\">\n\t\t\t<style>\/*! elementor - v3.20.0 - 26-03-2024 *\/\n.elementor-widget-text-editor.elementor-drop-cap-view-stacked .elementor-drop-cap{background-color:#69727d;color:#fff}.elementor-widget-text-editor.elementor-drop-cap-view-framed .elementor-drop-cap{color:#69727d;border:3px solid;background-color:transparent}.elementor-widget-text-editor:not(.elementor-drop-cap-view-default) .elementor-drop-cap{margin-top:8px}.elementor-widget-text-editor:not(.elementor-drop-cap-view-default) .elementor-drop-cap-letter{width:1em;height:1em}.elementor-widget-text-editor .elementor-drop-cap{float:left;text-align:center;line-height:1;font-size:50px}.elementor-widget-text-editor .elementor-drop-cap-letter{display:inline-block}<\/style>\t\t\t\t<p>Von Unternehmens- und Rechtsberatung bis hin zu Immobilien- und Finanzberatung: Unser multidisziplin\u00e4res Expertenteam ist immer an Ihrer Seite und begleitet Sie bei allen Herausforderungen und Chancen.<\/p>\n\t\t\t\t\t\t<\/div>\n\t\t\t\t<\/div>\n\t\t\t\t\t<\/div>\n\t\t<\/div>\n\t\t\t\t<div class=\"elementor-column elementor-col-50 elementor-top-column elementor-element elementor-element-7512451\" data-id=\"7512451\" data-element_type=\"column\">\n\t\t\t<div class=\"elementor-widget-wrap\">\n\t\t\t\t\t\t\t<\/div>\n\t\t<\/div>\n\t\t\t\t\t<\/div>\n\t\t<\/section>\n\t\t\t\t<section class=\"elementor-section elementor-top-section elementor-element elementor-element-c31366d elementor-hidden-desktop elementor-hidden-tablet elementor-section-boxed elementor-section-height-default elementor-section-height-default\" data-id=\"c31366d\" data-element_type=\"section\">\n\t\t\t\t\t\t<div class=\"elementor-container elementor-column-gap-default\">\n\t\t\t\t\t<div class=\"elementor-column elementor-col-100 elementor-top-column elementor-element elementor-element-2f92c21\" data-id=\"2f92c21\" data-element_type=\"column\">\n\t\t\t<div class=\"elementor-widget-wrap elementor-element-populated\">\n\t\t\t\t\t\t<div class=\"elementor-element elementor-element-b1543cf elementor-widget elementor-widget-heading\" data-id=\"b1543cf\" data-element_type=\"widget\" data-widget_type=\"heading.default\">\n\t\t\t\t<div class=\"elementor-widget-container\">\n\t\t\t<h2 class=\"elementor-heading-title elementor-size-default\">Beratungsdienste<\/h2>\t\t<\/div>\n\t\t\t\t<\/div>\n\t\t\t\t<div class=\"elementor-element elementor-element-14e2f61 elementor-widget elementor-widget-text-editor\" data-id=\"14e2f61\" data-element_type=\"widget\" data-widget_type=\"text-editor.default\">\n\t\t\t\t<div class=\"elementor-widget-container\">\n\t\t\t\t\t\t\t<p>Von Unternehmens- und Rechtsberatung bis hin zu Immobilien- und Finanzberatung: Unser multidisziplin\u00e4res Expertenteam ist immer an Ihrer Seite und begleitet Sie bei allen Herausforderungen und Chancen.<\/p>\n\t\t\t\t\t\t<\/div>\n\t\t\t\t<\/div>\n\t\t\t\t\t<\/div>\n\t\t<\/div>\n\t\t\t\t\t<\/div>\n\t\t<\/section>\n\t\t\t\t<section class=\"elementor-section elementor-top-section elementor-element elementor-element-dbc00e0 elementor-section-height-min-height elementor-section-content-top elementor-section-boxed elementor-section-height-default elementor-section-items-middle\" data-id=\"dbc00e0\" data-element_type=\"section\">\n\t\t\t\t\t\t<div class=\"elementor-container elementor-column-gap-default\">\n\t\t\t\t\t<div class=\"elementor-column elementor-col-50 elementor-top-column elementor-element elementor-element-b6de214\" data-id=\"b6de214\" data-element_type=\"column\" data-settings=\"{&quot;background_background&quot;:&quot;classic&quot;}\">\n\t\t\t<div class=\"elementor-widget-wrap elementor-element-populated\">\n\t\t\t\t\t<div class=\"elementor-background-overlay\"><\/div>\n\t\t\t\t\t\t<div class=\"elementor-element elementor-element-46fb29b elementor-view-stacked elementor-shape-circle elementor-position-top elementor-mobile-position-top elementor-widget elementor-widget-icon-box\" data-id=\"46fb29b\" data-element_type=\"widget\" data-widget_type=\"icon-box.default\">\n\t\t\t\t<div class=\"elementor-widget-container\">\n\t\t\t<link rel=\"stylesheet\" href=\"https:\/\/consulting-panama.com\/wp-content\/plugins\/elementor\/assets\/css\/widget-icon-box.min.css\">\t\t<div class=\"elementor-icon-box-wrapper\">\n\t\t\t\t\t\t<div class=\"elementor-icon-box-icon\">\n\t\t\t\t<span  class=\"elementor-icon elementor-animation-\">\n\t\t\t\t<svg xmlns=\"http:\/\/www.w3.org\/2000\/svg\" xmlns:xlink=\"http:\/\/www.w3.org\/1999\/xlink\" height=\"48px\" id=\"Layer_1\" viewBox=\"0 0 48 48\" width=\"48px\" xml:space=\"preserve\"><path clip-rule=\"evenodd\" d=\"M46,44.438H2c-0.553,0-1-0.447-1-1s0.447-1,1-1h44c0.553,0,1,0.447,1,1  S46.553,44.438,46,44.438z M16,34.438c0.553,0,1,0.447,1,1s-0.447,1-1,1H8c-0.553,0-1-0.447-1-1s0.447-1,1-1h1v-13H8  c-0.553,0-1-0.447-1-1c0-0.552,0.447-1,1-1h8c0.553,0,1,0.448,1,1c0,0.553-0.447,1-1,1h-1v13H16z M13,21.438h-2v13h2V21.438z   M28,34.438c0.553,0,1,0.447,1,1s-0.447,1-1,1h-8c-0.553,0-1-0.447-1-1s0.447-1,1-1h1v-13h-1c-0.553,0-1-0.447-1-1  c0-0.552,0.447-1,1-1h8c0.553,0,1,0.448,1,1c0,0.553-0.447,1-1,1h-1v13H28z M25,21.438h-2v13h2V21.438z M44,39.438  c0,0.553-0.447,1-1,1H5c-0.553,0-1-0.447-1-1s0.447-1,1-1h38C43.553,38.438,44,38.885,44,39.438z M40,34.438c0.553,0,1,0.447,1,1  s-0.447,1-1,1h-8c-0.553,0-1-0.447-1-1s0.447-1,1-1h1v-13h-1c-0.553,0-1-0.447-1-1c0-0.552,0.447-1,1-1h8c0.553,0,1,0.448,1,1  c0,0.553-0.447,1-1,1h-1v13H40z M37,21.438h-2v13h2V21.438z M3,15.438L24,4l21,11.438v2H3V15.438z M40.541,15.438L24,6.886  L7.396,15.438H40.541z\" fill-rule=\"evenodd\"><\/path><\/svg>\t\t\t\t<\/span>\n\t\t\t<\/div>\n\t\t\t\t\t\t<div class=\"elementor-icon-box-content\">\n\t\t\t\t<h3 class=\"elementor-icon-box-title\">\n\t\t\t\t\t<span  >\n\t\t\t\t\t\tImmobilienberatung\t\t\t\t\t<\/span>\n\t\t\t\t<\/h3>\n\t\t\t\t\t\t\t<\/div>\n\t\t<\/div>\n\t\t\t\t<\/div>\n\t\t\t\t<\/div>\n\t\t\t\t<div class=\"elementor-element elementor-element-ed84f4b elementor-widget elementor-widget-text-editor\" data-id=\"ed84f4b\" data-element_type=\"widget\" data-widget_type=\"text-editor.default\">\n\t\t\t\t<div class=\"elementor-widget-container\">\n\t\t\t\t\t\t\t<p>Consulting Panama hat sich auf die Immobilienberatung in Panama spezialisiert und bietet individuelle L\u00f6sungen f\u00fcr Investitionsanalysen, die Auswahl von Immobilien und die Einhaltung gesetzlicher Vorschriften. Mit unserer lokalen Expertise und unserem technologieorientierten Ansatz verwandeln wir Ihre Immobilienziele in gewinnbringende Realit\u00e4ten. Kontaktieren Sie uns noch heute f\u00fcr ein Beratungsgespr\u00e4ch.<\/p>\n\t\t\t\t\t\t<\/div>\n\t\t\t\t<\/div>\n\t\t\t\t<div class=\"elementor-element elementor-element-f40e2e1 elementor-align-center elementor-widget elementor-widget-button\" data-id=\"f40e2e1\" data-element_type=\"widget\" data-widget_type=\"button.default\">\n\t\t\t\t<div class=\"elementor-widget-container\">\n\t\t\t\t\t<div class=\"elementor-button-wrapper\">\n\t\t\t<a class=\"elementor-button elementor-button-link elementor-size-md\" href=\"https:\/\/consulting-panama.com\/de\/real-estate-consulting-panama\/\">\n\t\t\t\t\t\t<span class=\"elementor-button-content-wrapper\">\n\t\t\t\t\t\t<span class=\"elementor-button-text\">Mehr erfahren<\/span>\n\t\t<\/span>\n\t\t\t\t\t<\/a>\n\t\t<\/div>\n\t\t\t\t<\/div>\n\t\t\t\t<\/div>\n\t\t\t\t\t<\/div>\n\t\t<\/div>\n\t\t\t\t<div class=\"elementor-column elementor-col-50 elementor-top-column elementor-element elementor-element-13f77db\" data-id=\"13f77db\" data-element_type=\"column\" data-settings=\"{&quot;background_background&quot;:&quot;classic&quot;}\">\n\t\t\t<div class=\"elementor-widget-wrap elementor-element-populated\">\n\t\t\t\t\t<div class=\"elementor-background-overlay\"><\/div>\n\t\t\t\t\t\t<div class=\"elementor-element elementor-element-d56f5d5 elementor-view-stacked elementor-shape-circle elementor-position-top elementor-mobile-position-top elementor-widget elementor-widget-icon-box\" data-id=\"d56f5d5\" data-element_type=\"widget\" data-widget_type=\"icon-box.default\">\n\t\t\t\t<div class=\"elementor-widget-container\">\n\t\t\t\t\t<div class=\"elementor-icon-box-wrapper\">\n\t\t\t\t\t\t<div class=\"elementor-icon-box-icon\">\n\t\t\t\t<span  class=\"elementor-icon elementor-animation-\">\n\t\t\t\t<svg xmlns=\"http:\/\/www.w3.org\/2000\/svg\" xmlns:xlink=\"http:\/\/www.w3.org\/1999\/xlink\" height=\"64px\" id=\"Layer_1\" viewBox=\"0 0 64 64\" width=\"64px\" xml:space=\"preserve\"><path d=\"M63.766,26.698l-0.027-0.062l0.015-0.012l-0.198-0.378L52.936,6.025c-0.29-0.528-1.299-2.078-3.24-2.078  H14.119c-2.166,0-3.25,2.134-3.274,2.184L0.415,25.99l-0.004,0.009l-0.074,0.14c-0.175,0.346-0.563,1.286-0.178,2.214  c2.65,4.302,7.374,7.188,12.797,7.188c5.302,0,9.927-2.765,12.607-6.908c0.41-0.941-0.161-2.12-0.161-2.12L15.534,7.721  l-0.096-0.182c-0.133-0.306-0.251-0.889,0.807-0.889h12.938c0.367,0.012,1.39,0.194,1.39,1.907v44.518  c-0.024,0.441-0.191,1.334-1.108,1.9l-6.477,4.006c0,0-1.699,1.072,0,1.072h18.379c1.253,0,0-0.869,0-0.869L34.695,55.1  c-0.003-0.002-0.003-0.004-0.006-0.006c-1.097-0.672-1.302-1.518-1.332-1.945V8.367c0-1.548,1.11-1.708,1.5-1.717h12.651  c0.331,0.006,1.34,0.116,0.705,1.331l-9.907,18.858c0,0-0.31,0.742,0.039,1.556c2.653,4.278,7.359,7.146,12.765,7.146  c5.415,0,10.138-2.874,12.788-7.166C64.163,27.683,63.865,26.915,63.766,26.698z M22.198,26.104l0.001,0.001l0.136,0.261  c0.21,0.434,0.527,1.26-0.136,1.26L3.391,27.624c-0.624,0-0.5-0.571-0.301-1.032l0.298-0.566l0.003-0.005l8.966-17.072  c0,0,0.458-0.708,0.83,0h0.001L22.198,26.104z M41.578,26.311l0.133-0.253c0-0.001,0.005-0.01,0.005-0.01l8.766-16.691  c0.012-0.018,0.607-1.15,1.213,0.003l8.74,16.639c0.181,0.358,0.734,1.629-0.563,1.629l-17.455-0.003c-0.003,0-0.003,0-0.003,0  C41.142,27.624,41.372,26.758,41.578,26.311z\" fill=\"#241F20\"><\/path><\/svg>\t\t\t\t<\/span>\n\t\t\t<\/div>\n\t\t\t\t\t\t<div class=\"elementor-icon-box-content\">\n\t\t\t\t<h3 class=\"elementor-icon-box-title\">\n\t\t\t\t\t<span  >\n\t\t\t\t\t\tRechtliche Beratung\t\t\t\t\t<\/span>\n\t\t\t\t<\/h3>\n\t\t\t\t\t\t\t<\/div>\n\t\t<\/div>\n\t\t\t\t<\/div>\n\t\t\t\t<\/div>\n\t\t\t\t<div class=\"elementor-element elementor-element-0eabfa9 elementor-widget elementor-widget-text-editor\" data-id=\"0eabfa9\" data-element_type=\"widget\" data-widget_type=\"text-editor.default\">\n\t\t\t\t<div class=\"elementor-widget-container\">\n\t\t\t\t\t\t\t<p>Wir bieten Ihnen fachkundige Rechtsberatungsdienste in Panama, die auf Ihre individuellen Bed\u00fcrfnisse zugeschnitten sind. Vom Gesellschaftsrecht bis zu individuellen Rechtsangelegenheiten bieten unsere erfahrenen Fachleute aufschlussreiche Beratung und effektive L\u00f6sungen. Durch den Einsatz von lokalem Fachwissen und einem technologiebasierten Ansatz vereinfachen wir komplexe rechtliche Herausforderungen.<\/p>\n\t\t\t\t\t\t<\/div>\n\t\t\t\t<\/div>\n\t\t\t\t<div class=\"elementor-element elementor-element-69f89b2 elementor-align-center elementor-widget elementor-widget-button\" data-id=\"69f89b2\" data-element_type=\"widget\" data-widget_type=\"button.default\">\n\t\t\t\t<div class=\"elementor-widget-container\">\n\t\t\t\t\t<div class=\"elementor-button-wrapper\">\n\t\t\t<a class=\"elementor-button elementor-button-link elementor-size-md\" href=\"https:\/\/consulting-panama.com\/de\/legal-consulting-panama\/\">\n\t\t\t\t\t\t<span class=\"elementor-button-content-wrapper\">\n\t\t\t\t\t\t<span class=\"elementor-button-text\">Mehr erfahren<\/span>\n\t\t<\/span>\n\t\t\t\t\t<\/a>\n\t\t<\/div>\n\t\t\t\t<\/div>\n\t\t\t\t<\/div>\n\t\t\t\t\t<\/div>\n\t\t<\/div>\n\t\t\t\t\t<\/div>\n\t\t<\/section>\n\t\t\t\t<section class=\"elementor-section elementor-top-section elementor-element elementor-element-9b16c37 elementor-section-height-min-height elementor-section-boxed elementor-section-height-default elementor-section-items-middle\" data-id=\"9b16c37\" data-element_type=\"section\">\n\t\t\t\t\t\t<div class=\"elementor-container elementor-column-gap-default\">\n\t\t\t\t\t<div class=\"elementor-column elementor-col-50 elementor-top-column elementor-element elementor-element-6b1d72a\" data-id=\"6b1d72a\" data-element_type=\"column\" data-settings=\"{&quot;background_background&quot;:&quot;classic&quot;}\">\n\t\t\t<div class=\"elementor-widget-wrap elementor-element-populated\">\n\t\t\t\t\t<div class=\"elementor-background-overlay\"><\/div>\n\t\t\t\t\t\t<div class=\"elementor-element elementor-element-6c16d54 elementor-view-stacked elementor-shape-circle elementor-position-top elementor-mobile-position-top elementor-widget elementor-widget-icon-box\" data-id=\"6c16d54\" data-element_type=\"widget\" data-widget_type=\"icon-box.default\">\n\t\t\t\t<div class=\"elementor-widget-container\">\n\t\t\t\t\t<div class=\"elementor-icon-box-wrapper\">\n\t\t\t\t\t\t<div class=\"elementor-icon-box-icon\">\n\t\t\t\t<span  class=\"elementor-icon elementor-animation-\">\n\t\t\t\t<svg xmlns=\"http:\/\/www.w3.org\/2000\/svg\" viewBox=\"0 0 256 256\"><rect fill=\"none\" height=\"256\" width=\"256\"><\/rect><path d=\"M119.8,214.8a8.1,8.1,0,0,1-7.8,6.1,6.3,6.3,0,0,1-1.9-.3l-30.2-7.5a15.7,15.7,0,0,1-6.6-3.5L50.8,190a7.9,7.9,0,1,1,10.4-12l22.6,19.6,30.1,7.5A8.1,8.1,0,0,1,119.8,214.8Zm132.6-95.2a15.8,15.8,0,0,1-8.1,9.3L221,140.6l-14.9,17.5h-.2c0,.1-.1.1-.1.2h-.1l-36.8,36.8a16.5,16.5,0,0,1-11.4,4.7,15.8,15.8,0,0,1-3.8-.5L95.7,185a15.2,15.2,0,0,1-6-2.9l-54-42.2-24-12a16.3,16.3,0,0,1-8.1-9.4,16,16,0,0,1,1.1-12.3L29.3,59.1a16.1,16.1,0,0,1,21.3-7L73,63.3l48.7-14.2a16.6,16.6,0,0,1,11,.8l33,15h16.4l23.3-11.7a16,16,0,0,1,21.3,6.9l24.6,47.1A16.2,16.2,0,0,1,252.4,119.6Zm-64.7,34.2-31.6-23-8.1,6.1a40.2,40.2,0,0,1-48,0l-5.4-4.1a15.9,15.9,0,0,1-1.7-24.1L132,69.5l1.8-1.5-7.7-3.5L77.4,78.7,50.2,130.9l49.4,38.6L157.5,184Zm18.7-20.7L179.2,80.9H143.3L104.2,120l5.4,4.1a24.3,24.3,0,0,0,28.8,0l12.8-9.6a8,8,0,0,1,9.5-.1l38,27.6Z\"><\/path><\/svg>\t\t\t\t<\/span>\n\t\t\t<\/div>\n\t\t\t\t\t\t<div class=\"elementor-icon-box-content\">\n\t\t\t\t<h3 class=\"elementor-icon-box-title\">\n\t\t\t\t\t<span  >\n\t\t\t\t\t\tUnternehmensberatung\t\t\t\t\t<\/span>\n\t\t\t\t<\/h3>\n\t\t\t\t\t\t\t<\/div>\n\t\t<\/div>\n\t\t\t\t<\/div>\n\t\t\t\t<\/div>\n\t\t\t\t<div class=\"elementor-element elementor-element-3a17aa3 elementor-widget elementor-widget-text-editor\" data-id=\"3a17aa3\" data-element_type=\"widget\" data-widget_type=\"text-editor.default\">\n\t\t\t\t<div class=\"elementor-widget-container\">\n\t\t\t\t\t\t\t<p>Wir zeichnen uns durch die Erleichterung und Verwaltung von Joint Ventures in Panama aus und verwandeln kooperative Gesch\u00e4ftsm\u00f6glichkeiten in erfolgreiche Unternehmungen.&nbsp;<\/p>\n<p>Unser Expertenteam navigiert durch die Komplexit\u00e4t von Gesellschaftsgr\u00fcndungen, vertraglichen Verpflichtungen und Governance-Strukturen und gew\u00e4hrleistet eine nahtlose und profitable Zusammenarbeit f\u00fcr alle beteiligten Parteien.<\/p>\n\t\t\t\t\t\t<\/div>\n\t\t\t\t<\/div>\n\t\t\t\t<div class=\"elementor-element elementor-element-e1b54ef elementor-align-center elementor-widget elementor-widget-button\" data-id=\"e1b54ef\" data-element_type=\"widget\" data-widget_type=\"button.default\">\n\t\t\t\t<div class=\"elementor-widget-container\">\n\t\t\t\t\t<div class=\"elementor-button-wrapper\">\n\t\t\t<a class=\"elementor-button elementor-button-link elementor-size-md\" href=\"https:\/\/consulting-panama.com\/de\/business-consulting-panama\/\">\n\t\t\t\t\t\t<span class=\"elementor-button-content-wrapper\">\n\t\t\t\t\t\t<span class=\"elementor-button-text\">Mehr erfahren<\/span>\n\t\t<\/span>\n\t\t\t\t\t<\/a>\n\t\t<\/div>\n\t\t\t\t<\/div>\n\t\t\t\t<\/div>\n\t\t\t\t\t<\/div>\n\t\t<\/div>\n\t\t\t\t<div class=\"elementor-column elementor-col-50 elementor-top-column elementor-element elementor-element-545113f\" data-id=\"545113f\" data-element_type=\"column\" data-settings=\"{&quot;background_background&quot;:&quot;classic&quot;}\">\n\t\t\t<div class=\"elementor-widget-wrap elementor-element-populated\">\n\t\t\t\t\t<div class=\"elementor-background-overlay\"><\/div>\n\t\t\t\t\t\t<div class=\"elementor-element elementor-element-af3b01f elementor-view-stacked elementor-shape-circle elementor-position-top elementor-mobile-position-top elementor-widget elementor-widget-icon-box\" data-id=\"af3b01f\" data-element_type=\"widget\" data-widget_type=\"icon-box.default\">\n\t\t\t\t<div class=\"elementor-widget-container\">\n\t\t\t\t\t<div class=\"elementor-icon-box-wrapper\">\n\t\t\t\t\t\t<div class=\"elementor-icon-box-icon\">\n\t\t\t\t<span  class=\"elementor-icon elementor-animation-\">\n\t\t\t\t<svg xmlns=\"http:\/\/www.w3.org\/2000\/svg\" xmlns:xlink=\"http:\/\/www.w3.org\/1999\/xlink\" height=\"48px\" id=\"Layer_1\" viewBox=\"0 0 48 48\" width=\"48px\" xml:space=\"preserve\"><path clip-rule=\"evenodd\" d=\"M46,44.438H2c-0.553,0-1-0.447-1-1s0.447-1,1-1h44c0.553,0,1,0.447,1,1  S46.553,44.438,46,44.438z M16,34.438c0.553,0,1,0.447,1,1s-0.447,1-1,1H8c-0.553,0-1-0.447-1-1s0.447-1,1-1h1v-13H8  c-0.553,0-1-0.447-1-1c0-0.552,0.447-1,1-1h8c0.553,0,1,0.448,1,1c0,0.553-0.447,1-1,1h-1v13H16z M13,21.438h-2v13h2V21.438z   M28,34.438c0.553,0,1,0.447,1,1s-0.447,1-1,1h-8c-0.553,0-1-0.447-1-1s0.447-1,1-1h1v-13h-1c-0.553,0-1-0.447-1-1  c0-0.552,0.447-1,1-1h8c0.553,0,1,0.448,1,1c0,0.553-0.447,1-1,1h-1v13H28z M25,21.438h-2v13h2V21.438z M44,39.438  c0,0.553-0.447,1-1,1H5c-0.553,0-1-0.447-1-1s0.447-1,1-1h38C43.553,38.438,44,38.885,44,39.438z M40,34.438c0.553,0,1,0.447,1,1  s-0.447,1-1,1h-8c-0.553,0-1-0.447-1-1s0.447-1,1-1h1v-13h-1c-0.553,0-1-0.447-1-1c0-0.552,0.447-1,1-1h8c0.553,0,1,0.448,1,1  c0,0.553-0.447,1-1,1h-1v13H40z M37,21.438h-2v13h2V21.438z M3,15.438L24,4l21,11.438v2H3V15.438z M40.541,15.438L24,6.886  L7.396,15.438H40.541z\" fill-rule=\"evenodd\"><\/path><\/svg>\t\t\t\t<\/span>\n\t\t\t<\/div>\n\t\t\t\t\t\t<div class=\"elementor-icon-box-content\">\n\t\t\t\t<h3 class=\"elementor-icon-box-title\">\n\t\t\t\t\t<span  >\n\t\t\t\t\t\tFinanzen\t\t\t\t\t<\/span>\n\t\t\t\t<\/h3>\n\t\t\t\t\t\t\t<\/div>\n\t\t<\/div>\n\t\t\t\t<\/div>\n\t\t\t\t<\/div>\n\t\t\t\t<div class=\"elementor-element elementor-element-0e57fd4 elementor-widget elementor-widget-text-editor\" data-id=\"0e57fd4\" data-element_type=\"widget\" data-widget_type=\"text-editor.default\">\n\t\t\t\t<div class=\"elementor-widget-container\">\n\t\t\t\t\t\t\t<p>Wir bieten spezialisierte Finanzierungsl\u00f6sungen, um Ihr Unternehmen oder Ihre Investition in Panama voranzubringen. Unsere erfahrenen Experten f\u00fchren Sie durch die verschiedenen Finanzierungsm\u00f6glichkeiten, von Darlehen und Zusch\u00fcssen bis hin zu Risikokapital, und stellen sicher, dass Sie \u00fcber die Mittel verf\u00fcgen, um Ihre finanziellen Ziele zu erreichen. Dank unserer lokalen Marktexpertise und technologiegest\u00fctzter Analysen gestalten wir den Finanzierungsprozess schlank und effizient.<\/p>\n\t\t\t\t\t\t<\/div>\n\t\t\t\t<\/div>\n\t\t\t\t<div class=\"elementor-element elementor-element-a28391b elementor-align-center elementor-widget elementor-widget-button\" data-id=\"a28391b\" data-element_type=\"widget\" data-widget_type=\"button.default\">\n\t\t\t\t<div class=\"elementor-widget-container\">\n\t\t\t\t\t<div class=\"elementor-button-wrapper\">\n\t\t\t<a class=\"elementor-button elementor-button-link elementor-size-md\" href=\"https:\/\/consulting-panama.com\/de\/financial-consulting-panama\/\">\n\t\t\t\t\t\t<span class=\"elementor-button-content-wrapper\">\n\t\t\t\t\t\t<span class=\"elementor-button-text\">Mehr erfahren<\/span>\n\t\t<\/span>\n\t\t\t\t\t<\/a>\n\t\t<\/div>\n\t\t\t\t<\/div>\n\t\t\t\t<\/div>\n\t\t\t\t\t<\/div>\n\t\t<\/div>\n\t\t\t\t\t<\/div>\n\t\t<\/section>\n\t\t\t\t<section class=\"elementor-section elementor-top-section elementor-element elementor-element-e094407 elementor-section-boxed elementor-section-height-default elementor-section-height-default\" data-id=\"e094407\" data-element_type=\"section\" data-settings=\"{&quot;background_background&quot;:&quot;classic&quot;}\">\n\t\t\t\t\t\t<div class=\"elementor-container elementor-column-gap-default\">\n\t\t\t\t\t<div class=\"elementor-column elementor-col-50 elementor-top-column elementor-element elementor-element-5cf5ea8\" data-id=\"5cf5ea8\" data-element_type=\"column\">\n\t\t\t<div class=\"elementor-widget-wrap elementor-element-populated\">\n\t\t\t\t\t\t<div class=\"elementor-element elementor-element-d14f9b3 elementor-widget elementor-widget-heading\" data-id=\"d14f9b3\" data-element_type=\"widget\" data-widget_type=\"heading.default\">\n\t\t\t\t<div class=\"elementor-widget-container\">\n\t\t\t<h2 class=\"elementor-heading-title elementor-size-default\">Wie k\u00f6nnen wir Ihnen helfen?<\/h2>\t\t<\/div>\n\t\t\t\t<\/div>\n\t\t\t\t<div class=\"elementor-element elementor-element-c2be352 elementor-widget elementor-widget-text-editor\" data-id=\"c2be352\" data-element_type=\"widget\" data-widget_type=\"text-editor.default\">\n\t\t\t\t<div class=\"elementor-widget-container\">\n\t\t\t\t\t\t\t<p>Als Ihr strategischer Verb\u00fcndeter in der Beratung begleiten wir unsere Kunden von der innovativen Strategieentwicklung bis hin zur pragmatischen Umsetzung. Gemeinsam entwickeln wir neue Dienstleistungen und intelligente Gesch\u00e4ftsmodelle in den Bereichen Wirtschaft, Recht, Immobilien und Finanzen.<\/p>\n\t\t\t\t\t\t<\/div>\n\t\t\t\t<\/div>\n\t\t\t\t\t<\/div>\n\t\t<\/div>\n\t\t\t\t<div class=\"elementor-column elementor-col-50 elementor-top-column elementor-element elementor-element-d235b32\" data-id=\"d235b32\" data-element_type=\"column\">\n\t\t\t<div class=\"elementor-widget-wrap elementor-element-populated\">\n\t\t\t\t\t\t<div class=\"elementor-element elementor-element-8cd6c2e elementor-widget elementor-widget-image\" data-id=\"8cd6c2e\" data-element_type=\"widget\" data-widget_type=\"image.default\">\n\t\t\t\t<div class=\"elementor-widget-container\">\n\t\t\t<style>\/*! elementor - v3.20.0 - 26-03-2024 *\/\n.elementor-widget-image{text-align:center}.elementor-widget-image a{display:inline-block}.elementor-widget-image a img[src$=\".svg\"]{width:48px}.elementor-widget-image img{vertical-align:middle;display:inline-block}<\/style>\t\t\t\t\t\t\t\t\t\t<img fetchpriority=\"high\" decoding=\"async\" width=\"1024\" height=\"683\" src=\"https:\/\/consulting-panama.com\/wp-content\/uploads\/2023\/10\/consulting-panama-staff-1024x683.jpg\" class=\"attachment-large size-large wp-image-1024\" alt=\"\" srcset=\"https:\/\/consulting-panama.com\/wp-content\/uploads\/2023\/10\/consulting-panama-staff-1024x683.jpg 1024w, https:\/\/consulting-panama.com\/wp-content\/uploads\/2023\/10\/consulting-panama-staff-300x200.jpg 300w, https:\/\/consulting-panama.com\/wp-content\/uploads\/2023\/10\/consulting-panama-staff-768x512.jpg 768w, https:\/\/consulting-panama.com\/wp-content\/uploads\/2023\/10\/consulting-panama-staff-1x1.jpg 1w\" sizes=\"(max-width: 1024px) 100vw, 1024px\" \/>\t\t\t\t\t\t\t\t\t\t\t\t\t<\/div>\n\t\t\t\t<\/div>\n\t\t\t\t\t<\/div>\n\t\t<\/div>\n\t\t\t\t\t<\/div>\n\t\t<\/section>\n\t\t\t\t<\/div>\n\t\t","protected":false},"excerpt":{"rendered":"<p>Beratungsdienste Von Unternehmens- und Rechtsberatung bis hin zu Immobilien- und Finanzberatung: Unser multidisziplin\u00e4res Expertenteam ist immer an Ihrer Seite und begleitet Sie bei allen Herausforderungen und Chancen. Beratungsdienste Von Unternehmens- und Rechtsberatung bis hin zu Immobilien- und Finanzberatung: Unser multidisziplin\u00e4res Expertenteam ist immer an Ihrer Seite und begleitet Sie bei allen Herausforderungen und Chancen. Immobilienberatung [&hellip;]<\/p>\n","protected":false},"author":1,"featured_media":0,"parent":0,"menu_order":0,"comment_status":"closed","ping_status":"closed","template":"elementor_header_footer","meta":{"footnotes":""},"class_list":["post-1675","page","type-page","status-publish","hentry"],"_links":{"self":[{"href":"https:\/\/consulting-panama.com\/de\/wp-json\/wp\/v2\/pages\/1675","targetHints":{"allow":["GET"]}}],"collection":[{"href":"https:\/\/consulting-panama.com\/de\/wp-json\/wp\/v2\/pages"}],"about":[{"href":"https:\/\/consulting-panama.com\/de\/wp-json\/wp\/v2\/types\/page"}],"author":[{"embeddable":true,"href":"https:\/\/consulting-panama.com\/de\/wp-json\/wp\/v2\/users\/1"}],"replies":[{"embeddable":true,"href":"https:\/\/consulting-panama.com\/de\/wp-json\/wp\/v2\/comments?post=1675"}],"version-history":[{"count":14,"href":"https:\/\/consulting-panama.com\/de\/wp-json\/wp\/v2\/pages\/1675\/revisions"}],"predecessor-version":[{"id":2193,"href":"https:\/\/consulting-panama.com\/de\/wp-json\/wp\/v2\/pages\/1675\/revisions\/2193"}],"wp:attachment":[{"href":"https:\/\/consulting-panama.com\/de\/wp-json\/wp\/v2\/media?parent=1675"}],"curies":[{"name":"wp","href":"https:\/\/api.w.org\/{rel}","templated":true}]}}