{"id":1653,"date":"2023-09-21T09:16:34","date_gmt":"2023-09-21T09:16:34","guid":{"rendered":"https:\/\/consulting-panama.com\/free-discorvery-call\/"},"modified":"2023-10-09T18:52:09","modified_gmt":"2023-10-09T18:52:09","slug":"free-discorvery-call","status":"publish","type":"page","link":"https:\/\/consulting-panama.com\/de\/free-discorvery-call\/","title":{"rendered":"Kostenloser Anruf zur Besprechung"},"content":{"rendered":"\t\t<div data-elementor-type=\"wp-page\" data-elementor-id=\"1653\" class=\"elementor elementor-1653 elementor-983\" data-elementor-post-type=\"page\">\n\t\t\t\t\t\t<section class=\"elementor-section elementor-top-section elementor-element elementor-element-328da06 elementor-section-full_width elementor-section-height-min-height elementor-section-height-default elementor-section-items-middle\" data-id=\"328da06\" data-element_type=\"section\" data-settings=\"{&quot;background_background&quot;:&quot;classic&quot;}\">\n\t\t\t\t\t\t<div class=\"elementor-container elementor-column-gap-default\">\n\t\t\t\t\t<div class=\"elementor-column elementor-col-100 elementor-top-column elementor-element elementor-element-4423cf4\" data-id=\"4423cf4\" data-element_type=\"column\">\n\t\t\t<div class=\"elementor-widget-wrap\">\n\t\t\t\t\t\t\t<\/div>\n\t\t<\/div>\n\t\t\t\t\t<\/div>\n\t\t<\/section>\n\t\t\t\t<section class=\"elementor-section elementor-top-section elementor-element elementor-element-cf83564 elementor-section-height-min-height elementor-section-boxed elementor-section-height-default elementor-section-items-middle\" data-id=\"cf83564\" data-element_type=\"section\">\n\t\t\t\t\t\t<div class=\"elementor-container elementor-column-gap-default\">\n\t\t\t\t\t<div class=\"elementor-column elementor-col-100 elementor-top-column elementor-element elementor-element-c245f44\" data-id=\"c245f44\" data-element_type=\"column\">\n\t\t\t<div class=\"elementor-widget-wrap elementor-element-populated\">\n\t\t\t\t\t\t<div class=\"elementor-element elementor-element-2122d1f elementor-widget elementor-widget-html\" data-id=\"2122d1f\" data-element_type=\"widget\" data-widget_type=\"html.default\">\n\t\t\t\t<div class=\"elementor-widget-container\">\n\t\t\t<!-- Calendly inline widget begin -->\n<div class=\"calendly-inline-widget\" data-url=\"https:\/\/calendly.com\/properconsulting\/discovery\" style=\"min-width:320px;height:750px; overflow-y:visible;\"><\/div>\n<style>\n@media only screen and (max-width: 600px) {\n    .calendly-inline-widget {\n        height: 1500px;\n    }\n}\n<\/style>\n<script type=\"text\/javascript\" src=\"https:\/\/assets.calendly.com\/assets\/external\/widget.js\" async=\"\"><\/script>\n<!-- Calendly inline widget end -->\n\t\t<\/div>\n\t\t\t\t<\/div>\n\t\t\t\t\t<\/div>\n\t\t<\/div>\n\t\t\t\t\t<\/div>\n\t\t<\/section>\n\t\t\t\t<section class=\"elementor-section elementor-top-section elementor-element elementor-element-1c3a78c elementor-section-content-bottom elementor-section-boxed elementor-section-height-default elementor-section-height-default\" data-id=\"1c3a78c\" data-element_type=\"section\" data-settings=\"{&quot;background_background&quot;:&quot;classic&quot;}\">\n\t\t\t\t\t\t<div class=\"elementor-container elementor-column-gap-default\">\n\t\t\t\t\t<div class=\"elementor-column elementor-col-25 elementor-top-column elementor-element elementor-element-94a9413\" data-id=\"94a9413\" data-element_type=\"column\">\n\t\t\t<div class=\"elementor-widget-wrap elementor-element-populated\">\n\t\t\t\t\t\t<div class=\"elementor-element elementor-element-1e38c43 elementor-widget elementor-widget-heading\" data-id=\"1e38c43\" data-element_type=\"widget\" data-widget_type=\"heading.default\">\n\t\t\t\t<div class=\"elementor-widget-container\">\n\t\t\t<style>\/*! elementor - v3.20.0 - 26-03-2024 *\/\n.elementor-heading-title{padding:0;margin:0;line-height:1}.elementor-widget-heading .elementor-heading-title[class*=elementor-size-]>a{color:inherit;font-size:inherit;line-height:inherit}.elementor-widget-heading .elementor-heading-title.elementor-size-small{font-size:15px}.elementor-widget-heading .elementor-heading-title.elementor-size-medium{font-size:19px}.elementor-widget-heading .elementor-heading-title.elementor-size-large{font-size:29px}.elementor-widget-heading .elementor-heading-title.elementor-size-xl{font-size:39px}.elementor-widget-heading .elementor-heading-title.elementor-size-xxl{font-size:59px}<\/style><h2 class=\"elementor-heading-title elementor-size-default\">Nehmen Sie Kontakt auf!<\/h2>\t\t<\/div>\n\t\t\t\t<\/div>\n\t\t\t\t<div class=\"elementor-element elementor-element-c34a369 elementor-view-default elementor-position-top elementor-mobile-position-top elementor-widget elementor-widget-icon-box\" data-id=\"c34a369\" data-element_type=\"widget\" data-widget_type=\"icon-box.default\">\n\t\t\t\t<div class=\"elementor-widget-container\">\n\t\t\t<link rel=\"stylesheet\" href=\"https:\/\/consulting-panama.com\/wp-content\/plugins\/elementor\/assets\/css\/widget-icon-box.min.css\">\t\t<div class=\"elementor-icon-box-wrapper\">\n\t\t\t\t\t\t<div class=\"elementor-icon-box-icon\">\n\t\t\t\t<span  class=\"elementor-icon elementor-animation-\">\n\t\t\t\t<svg xmlns=\"http:\/\/www.w3.org\/2000\/svg\" style=\"fill-rule:evenodd;clip-rule:evenodd;stroke-linejoin:round;stroke-miterlimit:1.41421\" viewBox=\"0 0 32 32\" xml:space=\"preserve\">    <path style=\"fill:none\" d=\"M0 0h32v32H0z\"><\/path>    <path d=\"M16.999 6.995v.999c-.018.886-1.451 1.391-1.904.423a1.053 1.053 0 0 1-.094-.423v-.999h-2.996c-.769-.037-1.284-1.042-.755-1.653.182-.21.329-.324.755-.345.998 0 1.997-.003 2.996-.009v-.989a.87.87 0 0 1 .05-.313c.132-.401.527-.686.969-.686.533.021.967.42.979.999v.977c1.997-.012 3.995-.023 5.993-.013v-.964c.01-.534.4-.976.979-.999h.039c.534.021.968.42.979.999v.982l1.073.017c1.531.048 2.893 1.365 2.922 2.959.038 6.017.038 12.035 0 18.053-.028 1.545-1.365 2.929-2.959 2.959-6.683.041-13.367.041-20.05 0-1.539-.029-2.929-1.339-2.959-2.959-.038-6.018-.038-12.036 0-18.053.028-1.556 1.361-2.949 2.993-2.96h1.002v-.998a.848.848 0 0 1 .05-.313c.132-.401.527-.686.968-.686.534.021.968.42.979.999v3.995c-.017.885-1.409 1.381-1.886.459a1.036 1.036 0 0 1-.111-.459V6.991a43.672 43.672 0 0 0-1.024.004c-.507.016-.958.46-.974.974a485.855 485.855 0 0 0 0 18.028c.016.508.46.958.974.974a539.08 539.08 0 0 0 20.026 0c.507-.016.958-.46.974-.974.111-6.008.111-12.02 0-18.028a1.035 1.035 0 0 0-1.002-.974h-.996v.999c-.017.877-1.413 1.372-1.886.459a1.05 1.05 0 0 1-.111-.459v-.999h-5.993Zm-8.99 15.981a1 1 0 1 1 0 1.999 1 1 0 0 1 0-1.999Zm3.996 0a1 1 0 1 1-.002 1.998 1 1 0 0 1 .002-1.998Zm3.995 0a1 1 0 0 1 0 1.998 1 1 0 0 1 0-1.998Zm-7.991-3.995a.999.999 0 1 1 0 1.997.999.999 0 0 1 0-1.997Zm3.996 0a.998.998 0 1 1 0 1.997.998.998 0 0 1 0-1.997Zm3.995 0a1 1 0 1 1 0 1.999 1 1 0 0 1 0-1.999Zm3.995 0a1 1 0 1 1 0 1.999 1 1 0 0 1 0-1.999Zm3.995 0a.999.999 0 1 1 0 1.997.999.999 0 0 1 0-1.997Zm-11.985-3.995a.998.998 0 1 1 0 1.996.998.998 0 0 1 0-1.996Zm3.995 0a1 1 0 1 1 0 1.998 1 1 0 0 1 0-1.998Zm3.995 0a1 1 0 1 1 0 1.998 1 1 0 0 1 0-1.998Zm3.995 0a.998.998 0 1 1 .001 1.997.998.998 0 0 1-.001-1.997Z\"><\/path><\/svg>\t\t\t\t<\/span>\n\t\t\t<\/div>\n\t\t\t\t\t\t<div class=\"elementor-icon-box-content\">\n\t\t\t\t<h3 class=\"elementor-icon-box-title\">\n\t\t\t\t\t<span  >\n\t\t\t\t\t\tErstkonsultation\t\t\t\t\t<\/span>\n\t\t\t\t<\/h3>\n\t\t\t\t\t\t\t\t\t<p class=\"elementor-icon-box-description\">\n\t\t\t\t\t\tIhre erste 30-min\u00fctige Beratung ist kostenlos! Lassen Sie uns \u00fcber Ihre Bed\u00fcrfnisse und Projekte sprechen, um herauszufinden, wie wir Ihre finanzielle Reise gemeinsam bew\u00e4ltigen k\u00f6nnen.\t\t\t\t\t<\/p>\n\t\t\t\t\t\t\t<\/div>\n\t\t<\/div>\n\t\t\t\t<\/div>\n\t\t\t\t<\/div>\n\t\t\t\t\t<\/div>\n\t\t<\/div>\n\t\t\t\t<div class=\"elementor-column elementor-col-25 elementor-top-column elementor-element elementor-element-05b7cac\" data-id=\"05b7cac\" data-element_type=\"column\">\n\t\t\t<div class=\"elementor-widget-wrap elementor-element-populated\">\n\t\t\t\t\t\t<div class=\"elementor-element elementor-element-f7b160e elementor-view-default elementor-position-top elementor-mobile-position-top elementor-widget elementor-widget-icon-box\" data-id=\"f7b160e\" data-element_type=\"widget\" data-widget_type=\"icon-box.default\">\n\t\t\t\t<div class=\"elementor-widget-container\">\n\t\t\t\t\t<div class=\"elementor-icon-box-wrapper\">\n\t\t\t\t\t\t<div class=\"elementor-icon-box-icon\">\n\t\t\t\t<span  class=\"elementor-icon elementor-animation-\">\n\t\t\t\t<svg xmlns=\"http:\/\/www.w3.org\/2000\/svg\" viewBox=\"0 0 64 64\" style=\"enable-background:new 0 0 64 64\" xml:space=\"preserve\">    <path d=\"M16 28.816V44h2V28.816A2.996 2.996 0 0 0 20 26c0-1.654-1.346-3-3-3s-3 1.346-3 3c0 1.302.839 2.402 2 2.816zM17 25a1.001 1.001 0 1 1-1 1c0-.551.448-1 1-1z\"><\/path>    <path d=\"M17 18C8.729 18 2 24.729 2 33c0 5.131 2.668 9.935 7 12.675V49c0 .28.116.531.302.713A2.964 2.964 0 0 0 9 51c0 1.046.54 1.967 1.354 2.504A2.823 2.823 0 0 0 10 54.852v.297c0 1.307.888 2.399 2.089 2.735C12.509 60.219 14.546 62 17 62s4.491-1.781 4.911-4.117A2.847 2.847 0 0 0 24 55.148v-.297c0-.49-.136-.945-.354-1.348A2.995 2.995 0 0 0 25 51c0-.462-.114-.895-.301-1.287A.996.996 0 0 0 25 49v-3.325c4.332-2.741 7-7.544 7-12.675 0-8.271-6.729-15-15-15zm0 42a2.996 2.996 0 0 1-2.816-2h5.631A2.994 2.994 0 0 1 17 60zm5-4.852c0 .47-.382.852-.852.852h-8.297a.852.852 0 0 1-.851-.852v-.297c0-.469.382-.851.852-.851h8.297c.469 0 .851.382.851.852v.296zM22 52H12a1.001 1.001 0 0 1 0-2h10a1.001 1.001 0 0 1 0 2zm1.499-7.753a.998.998 0 0 0-.499.865V48h-5v-2h-2v2h-5v-2.888a.998.998 0 0 0-.499-.865C6.491 41.923 4 37.614 4 33c0-7.168 5.832-13 13-13s13 5.832 13 13c0 4.614-2.491 8.923-6.501 11.247z\"><\/path>    <path d=\"M20 35v8h2v-7.586l.715-.715A2.95 2.95 0 0 0 24 35c1.654 0 3-1.346 3-3s-1.346-3-3-3-3 1.346-3 3c0 .462.113.894.301 1.285l-1.008 1.008A.997.997 0 0 0 20 35zm4-4a1.001 1.001 0 1 1-1 1c0-.551.448-1 1-1zM10 35a2.95 2.95 0 0 0 1.285-.301l.715.715V43h2v-8a.997.997 0 0 0-.293-.707l-1.008-1.008A2.95 2.95 0 0 0 13 32c0-1.654-1.346-3-3-3s-3 1.346-3 3 1.346 3 3 3zm0-4a1.001 1.001 0 1 1-1 1c0-.551.448-1 1-1zM51 18c2.757 0 5-2.243 5-5s-2.243-5-5-5-5 2.243-5 5 2.243 5 5 5zm0-8c1.654 0 3 1.346 3 3s-1.346 3-3 3-3-1.346-3-3 1.346-3 3-3z\"><\/path>    <path d=\"M40 15a1 1 0 0 0 1 1h1.522c.105.297.227.589.361.873l-1.076 1.077a1 1 0 0 0 0 1.414l2.828 2.829a.999.999 0 0 0 1.414 0l1.077-1.076a9 9 0 0 0 .873.361V23a1 1 0 0 0 1 1h4a1 1 0 0 0 1-1v-1.522a9 9 0 0 0 .873-.361l1.077 1.076a.999.999 0 0 0 1.414 0l2.828-2.829a1 1 0 0 0 0-1.414l-1.076-1.077c.135-.284.256-.576.361-.873H61a1 1 0 0 0 1-1v-4a1 1 0 0 0-1-1h-1.522a9.37 9.37 0 0 0-.361-.873l1.076-1.077a1 1 0 0 0 0-1.414l-2.828-2.829a.999.999 0 0 0-1.414 0l-1.077 1.076A9.67 9.67 0 0 0 54 4.522V3a1 1 0 0 0-1-1h-4a1 1 0 0 0-1 1v1.522a9 9 0 0 0-.873.361L46.05 3.808a.999.999 0 0 0-1.414 0l-2.828 2.829a1 1 0 0 0 0 1.414l1.076 1.077a9.248 9.248 0 0 0-.362.872H41a1 1 0 0 0-1 1v4zm2-3h1.262a1 1 0 0 0 .968-.75c.164-.634.415-1.24.746-1.8a1.001 1.001 0 0 0-.154-1.215l-.893-.892 1.414-1.415.893.892a.998.998 0 0 0 1.216.154 6.959 6.959 0 0 1 1.799-.744A1 1 0 0 0 50 5.262V4h2v1.262a1 1 0 0 0 .75.968c.635.164 1.24.414 1.799.744a1 1 0 0 0 1.216-.154l.893-.892 1.414 1.415-.893.892a1 1 0 0 0-.154 1.215c.331.56.582 1.166.746 1.8a1 1 0 0 0 .968.75H60v2h-1.262a1 1 0 0 0-.968.75 6.964 6.964 0 0 1-.746 1.8c-.231.393-.168.893.154 1.215l.893.892-1.414 1.415-.893-.892a1.001 1.001 0 0 0-1.216-.154c-.559.33-1.164.58-1.799.744a1 1 0 0 0-.749.968V22h-2v-1.262a1 1 0 0 0-.75-.968 6.959 6.959 0 0 1-1.799-.744 1 1 0 0 0-1.216.154l-.893.892-1.414-1.415.893-.892a1 1 0 0 0 .154-1.215 6.964 6.964 0 0 1-.746-1.8.998.998 0 0 0-.967-.75H42v-2zM22.53 9.122A3.96 3.96 0 0 0 25 10c2.206 0 4-1.794 4-4 0-.038-.01-.073-.011-.111a21.188 21.188 0 0 1 10.788-.344l.447-1.949a23.201 23.201 0 0 0-11.796.376C27.73 2.797 26.462 2 25 2c-2.206 0-4 1.794-4 4 0 .545.111 1.064.309 1.538a23.127 23.127 0 0 0-6.799 8.006l1.779.911a21.146 21.146 0 0 1 6.241-7.333zM25 4c1.103 0 2 .897 2 2s-.897 2-2 2-2-.897-2-2 .897-2 2-2zM27.364 45.569l-.729 1.862a22.9 22.9 0 0 0 16.319.131C43.688 48.434 44.774 49 46 49c2.206 0 4-1.794 4-4a3.96 3.96 0 0 0-.255-1.363C54.997 39.257 58 32.878 58 26c0-.696-.031-1.399-.094-2.09l-1.992.18c.057.631.086 1.273.086 1.91 0 6.219-2.688 11.992-7.397 15.988A3.967 3.967 0 0 0 46 41c-2.206 0-4 1.794-4 4 0 .258.029.509.076.753-4.741 1.689-10.042 1.642-14.712-.184zM46 43c1.103 0 2 .897 2 2s-.897 2-2 2-2-.897-2-2 .897-2 2-2z\"><\/path><\/svg>\t\t\t\t<\/span>\n\t\t\t<\/div>\n\t\t\t\t\t\t<div class=\"elementor-icon-box-content\">\n\t\t\t\t<h3 class=\"elementor-icon-box-title\">\n\t\t\t\t\t<span  >\n\t\t\t\t\t\tEntwickeln Sie Ihre Strategie\t\t\t\t\t<\/span>\n\t\t\t\t<\/h3>\n\t\t\t\t\t\t\t\t\t<p class=\"elementor-icon-box-description\">\n\t\t\t\t\t\tWir entwickeln eine Finanzstrategie, die auf Ihre Ziele zugeschnitten ist, und stellen sicher, dass sie mit allen rechtlichen und regulatorischen Anforderungen \u00fcbereinstimmt.\t\t\t\t\t<\/p>\n\t\t\t\t\t\t\t<\/div>\n\t\t<\/div>\n\t\t\t\t<\/div>\n\t\t\t\t<\/div>\n\t\t\t\t\t<\/div>\n\t\t<\/div>\n\t\t\t\t<div class=\"elementor-column elementor-col-25 elementor-top-column elementor-element elementor-element-97f792f\" data-id=\"97f792f\" data-element_type=\"column\">\n\t\t\t<div class=\"elementor-widget-wrap elementor-element-populated\">\n\t\t\t\t\t\t<div class=\"elementor-element elementor-element-0a262ab elementor-view-default elementor-position-top elementor-mobile-position-top elementor-widget elementor-widget-icon-box\" data-id=\"0a262ab\" data-element_type=\"widget\" data-widget_type=\"icon-box.default\">\n\t\t\t\t<div class=\"elementor-widget-container\">\n\t\t\t\t\t<div class=\"elementor-icon-box-wrapper\">\n\t\t\t\t\t\t<div class=\"elementor-icon-box-icon\">\n\t\t\t\t<span  class=\"elementor-icon elementor-animation-\">\n\t\t\t\t<svg xmlns=\"http:\/\/www.w3.org\/2000\/svg\" viewBox=\"0 0 64 64\"><g data-name=\"Layer 2\"><path d=\"M14.028 9h15a1 1 0 0 0 0-2h-15a1 1 0 0 0 0 2ZM37.028 12h-23a1 1 0 0 0 0 2h23a1 1 0 0 0 0-2ZM22.028 17h-8a1 1 0 0 0 0 2h8a1 1 0 0 0 0-2ZM6.028 34v7.782a.996.996 0 0 0-1.003.488l-2.864 4.96a1.007 1.007 0 0 0 .367 1.366l2.407 1.39a7.09 7.09 0 0 0 0 1.028l-2.407 1.39a1 1 0 0 0-.367 1.366l2.864 4.96a1 1 0 0 0 1.366.366l2.41-1.39a8.723 8.723 0 0 0 .888.514V61a1 1 0 0 0 1 1h5.727a1 1 0 0 0 1-1v-2.78a8.723 8.723 0 0 0 .888-.515l2.41 1.391a1.002 1.002 0 0 0 1.366-.366L24.811 54h26.217a3.003 3.003 0 0 0 3-3V34a3.003 3.003 0 0 0-3-3h-42a3.003 3.003 0 0 0-3 3Zm14.82 22.864-2.103-1.214c-1.009-.516-1.768.798-2.704 1a1 1 0 0 0-.625.926V60H11.69v-2.424a1 1 0 0 0-.624-.927c-.936-.201-1.696-1.515-2.705-1l-2.102 1.215-1.864-3.228 2.104-1.215c.734-.37.409-1.323.418-1.921-.01-.597.316-1.552-.418-1.921l-2.104-1.215 1.863-3.228L8.36 45.35c1.009.515 1.77-.798 2.705-1a1 1 0 0 0 .624-.926V41h3.727v2.424a1 1 0 0 0 .625.927c.935.202 1.695 1.514 2.704 1l2.103-1.215 1.864 3.228-2.104 1.215c-.735.37-.41 1.323-.419 1.921.01.597-.316 1.552.419 1.921l2.104 1.215ZM51.028 33a1.001 1.001 0 0 1 1 1v17a1.001 1.001 0 0 1-1 1h-27.15l-1.707-.986a7.09 7.09 0 0 0 0-1.028l2.407-1.39a1 1 0 0 0 .366-1.366l-2.864-4.96a1 1 0 0 0-1.366-.366l-2.41 1.39a8.723 8.723 0 0 0-.888-.514V40a1 1 0 0 0-1-1H10.69a1 1 0 0 0-1 1v2.78a8.723 8.723 0 0 0-.888.515l-.773-.447V34a1.001 1.001 0 0 1 1-1Z\"><\/path><path d=\"M14.028 38h15a1 1 0 0 0 0-2h-15a1 1 0 0 0 0 2ZM24.028 42a1 1 0 0 0 1 1h12a1 1 0 0 0 0-2h-12a1 1 0 0 0-1 1ZM34.028 46h-6a1 1 0 0 0 0 2h6a1 1 0 0 0 0-2ZM13.552 46a4.5 4.5 0 0 0 0 9 4.5 4.5 0 0 0 0-9Zm0 7a2.5 2.5 0 0 1 0-5 2.5 2.5 0 0 1 0 5ZM54.028 5.059a3.005 3.005 0 0 0-3-3.059h-42a3.003 3.003 0 0 0-3 3v17a3.003 3.003 0 0 0 3 3h20v2.586l-.293-.293a1 1 0 0 0-1.414 1.414l2 2a1.008 1.008 0 0 0 1.414 0l2-2a1 1 0 0 0-1.415-1.414l-.292.293V25h20a2.994 2.994 0 0 0 2.828-2.042c10.729-1.25 10.857-16.453.172-17.899ZM9.028 23a1.001 1.001 0 0 1-1-1V5a1.001 1.001 0 0 1 1-1h42a1.005 1.005 0 0 1 1 1.059C41.72 6.421 41.32 20.915 51.505 22.861a.971.971 0 0 1-.477.139Zm44-2a7.008 7.008 0 0 1-7-7c.328-9.265 13.672-9.262 14 0a7.008 7.008 0 0 1-7 7Z\"><\/path><path d=\"m56.32 11.293-3.292 3.293-1.293-1.293a1 1 0 0 0-1.414 1.414l2 2a1 1 0 0 0 1.414 0l4-4a1 1 0 0 0-1.414-1.414Z\"><\/path><\/g><\/svg>\t\t\t\t<\/span>\n\t\t\t<\/div>\n\t\t\t\t\t\t<div class=\"elementor-icon-box-content\">\n\t\t\t\t<h3 class=\"elementor-icon-box-title\">\n\t\t\t\t\t<span  >\n\t\t\t\t\t\tAusf\u00fchrung &amp; Koordination\t\t\t\t\t<\/span>\n\t\t\t\t<\/h3>\n\t\t\t\t\t\t\t\t\t<p class=\"elementor-icon-box-description\">\n\t\t\t\t\t\tWir helfen Ihnen, Ihre Strategie in die Tat umzusetzen, und sorgen f\u00fcr eine reibungslose Koordination mit allen relevanten Stellen, damit alles reibungslos abl\u00e4uft.\t\t\t\t\t<\/p>\n\t\t\t\t\t\t\t<\/div>\n\t\t<\/div>\n\t\t\t\t<\/div>\n\t\t\t\t<\/div>\n\t\t\t\t\t<\/div>\n\t\t<\/div>\n\t\t\t\t<div class=\"elementor-column elementor-col-25 elementor-top-column elementor-element elementor-element-fa48bc3\" data-id=\"fa48bc3\" data-element_type=\"column\">\n\t\t\t<div class=\"elementor-widget-wrap elementor-element-populated\">\n\t\t\t\t\t\t<div class=\"elementor-element elementor-element-8b3dd55 elementor-view-default elementor-position-top elementor-mobile-position-top elementor-widget elementor-widget-icon-box\" data-id=\"8b3dd55\" data-element_type=\"widget\" data-widget_type=\"icon-box.default\">\n\t\t\t\t<div class=\"elementor-widget-container\">\n\t\t\t\t\t<div class=\"elementor-icon-box-wrapper\">\n\t\t\t\t\t\t<div class=\"elementor-icon-box-icon\">\n\t\t\t\t<span  class=\"elementor-icon elementor-animation-\">\n\t\t\t\t<svg xmlns=\"http:\/\/www.w3.org\/2000\/svg\" data-name=\"Layer 1\" viewBox=\"0 0 128 128\"><path d=\"M6 79.89V6.122a2.124 2.124 0 0 1 2.122-2.121h49.756A2.124 2.124 0 0 1 60 6.122v5.88h4v-5.88A6.129 6.129 0 0 0 57.878 0H8.122A6.129 6.129 0 0 0 2 6.122V79.89a6.129 6.129 0 0 0 6.122 6.122H14v-4H8.122A2.124 2.124 0 0 1 6 79.89Z\"><\/path><path d=\"M22 95.892V22.125a2.124 2.124 0 0 1 2.122-2.122h49.756A2.124 2.124 0 0 1 76 22.125v5.879h4v-5.88a6.129 6.129 0 0 0-6.122-6.122H24.122A6.129 6.129 0 0 0 18 22.125v73.767a6.129 6.129 0 0 0 6.122 6.122H30v-4h-5.878A2.124 2.124 0 0 1 22 95.892Z\"><\/path><path d=\"M83 45.006H47a2 2 0 0 0 0 4.001h36a2 2 0 0 0 0-4ZM45 103.015a2 2 0 0 0 2 2h24.127a27.81 27.81 0 0 1-5.058-4H47a2 2 0 0 0-2 2ZM47 93.013a2 2 0 0 0 0 4h15.758a27.542 27.542 0 0 1-2.253-4ZM47 89.013h12.032a27.295 27.295 0 0 1-.809-4H47a2 2 0 0 0 0 4ZM47 81.011h11.014a27.531 27.531 0 0 1 .37-4H47a2 2 0 0 0 0 4ZM45 71.01a2 2 0 0 0 2 2h12.37a27.343 27.343 0 0 1 1.678-4H47a2 2 0 0 0-2 2ZM67.257 61.009H47a2 2 0 0 0 0 4h16.56a27.82 27.82 0 0 1 3.697-4ZM84.735 54.03A1.991 1.991 0 0 0 83 53.008H47a2 2 0 0 0 0 4h26.12a27.495 27.495 0 0 1 11.615-2.978Z\"><\/path><path d=\"M92 109.887v2.007a2.124 2.124 0 0 1-2.122 2.122H40.122A2.124 2.124 0 0 1 38 111.894V38.127a2.124 2.124 0 0 1 2.122-2.122h49.756A2.124 2.124 0 0 1 92 38.127v16.627a27.441 27.441 0 0 1 4 1.273v-17.9a6.129 6.129 0 0 0-6.122-6.122H40.122A6.129 6.129 0 0 0 34 38.127v73.767a6.129 6.129 0 0 0 6.122 6.123h49.756a6.13 6.13 0 0 0 5.874-4.41c-.07-.065-3.752-3.72-3.752-3.72Z\"><\/path><path d=\"m125.412 124.601-17.582-17.523 3.46-3.448 11.328 10.832a2 2 0 0 0 2.764-2.892l-11.3-10.807a4.165 4.165 0 0 0-.394-5.472l-5.803-5.784a23.383 23.383 0 0 0 1.383-7.938 23.642 23.642 0 1 0-17.256 22.683l6.353 6.331a4.26 4.26 0 0 0 5.948 0l.683-.681 17.592 17.532a2.045 2.045 0 0 0 2.829-.004 2 2 0 0 0-.005-2.829Zm-39.778-23.47a19.56 19.56 0 1 1 19.634-19.562 19.62 19.62 0 0 1-19.634 19.561Zm15.856 6.618a.216.216 0 0 1-.302 0l-5.082-5.065a23.762 23.762 0 0 0 9.978-9.325l4.781 4.766a.202.202 0 0 1 0 .28Z\"><\/path><path d=\"m91.37 75.518-9.414 7.677-1.714-2.316a2 2 0 1 0-3.215 2.38l2.961 4a2.056 2.056 0 0 0 2.871.361l11.039-9a2 2 0 0 0-2.527-3.102Z\"><\/path><\/svg>\t\t\t\t<\/span>\n\t\t\t<\/div>\n\t\t\t\t\t\t<div class=\"elementor-icon-box-content\">\n\t\t\t\t<h3 class=\"elementor-icon-box-title\">\n\t\t\t\t\t<span  >\n\t\t\t\t\t\tLaufende \u00dcberpr\u00fcfung\t\t\t\t\t<\/span>\n\t\t\t\t<\/h3>\n\t\t\t\t\t\t\t\t\t<p class=\"elementor-icon-box-description\">\n\t\t\t\t\t\tWenn sich M\u00e4rkte und Projekte weiterentwickeln, wird sich auch Ihre Strategie weiterentwickeln. Bei Bedarf nehmen wir Anpassungen vor, um sie zu optimieren und auf Kurs zu halten.\t\t\t\t\t<\/p>\n\t\t\t\t\t\t\t<\/div>\n\t\t<\/div>\n\t\t\t\t<\/div>\n\t\t\t\t<\/div>\n\t\t\t\t\t<\/div>\n\t\t<\/div>\n\t\t\t\t\t<\/div>\n\t\t<\/section>\n\t\t\t\t<\/div>\n\t\t","protected":false},"excerpt":{"rendered":"<p>Nehmen Sie Kontakt auf! Erstkonsultation Ihre erste 30-min\u00fctige Beratung ist kostenlos! Lassen Sie uns \u00fcber Ihre Bed\u00fcrfnisse und Projekte sprechen, um herauszufinden, wie wir Ihre finanzielle Reise gemeinsam bew\u00e4ltigen k\u00f6nnen. Entwickeln Sie Ihre Strategie Wir entwickeln eine Finanzstrategie, die auf Ihre Ziele zugeschnitten ist, und stellen sicher, dass sie mit allen rechtlichen und regulatorischen Anforderungen [&hellip;]<\/p>\n","protected":false},"author":1,"featured_media":0,"parent":0,"menu_order":0,"comment_status":"closed","ping_status":"closed","template":"elementor_header_footer","meta":{"footnotes":""},"class_list":["post-1653","page","type-page","status-publish","hentry"],"_links":{"self":[{"href":"https:\/\/consulting-panama.com\/de\/wp-json\/wp\/v2\/pages\/1653","targetHints":{"allow":["GET"]}}],"collection":[{"href":"https:\/\/consulting-panama.com\/de\/wp-json\/wp\/v2\/pages"}],"about":[{"href":"https:\/\/consulting-panama.com\/de\/wp-json\/wp\/v2\/types\/page"}],"author":[{"embeddable":true,"href":"https:\/\/consulting-panama.com\/de\/wp-json\/wp\/v2\/users\/1"}],"replies":[{"embeddable":true,"href":"https:\/\/consulting-panama.com\/de\/wp-json\/wp\/v2\/comments?post=1653"}],"version-history":[{"count":7,"href":"https:\/\/consulting-panama.com\/de\/wp-json\/wp\/v2\/pages\/1653\/revisions"}],"predecessor-version":[{"id":2213,"href":"https:\/\/consulting-panama.com\/de\/wp-json\/wp\/v2\/pages\/1653\/revisions\/2213"}],"wp:attachment":[{"href":"https:\/\/consulting-panama.com\/de\/wp-json\/wp\/v2\/media?parent=1653"}],"curies":[{"name":"wp","href":"https:\/\/api.w.org\/{rel}","templated":true}]}}