{"id":1642,"date":"2023-09-09T19:55:00","date_gmt":"2023-09-09T19:55:00","guid":{"rendered":"https:\/\/consulting-panama.com\/ueber-uns\/"},"modified":"2023-10-11T12:32:36","modified_gmt":"2023-10-11T12:32:36","slug":"about-us","status":"publish","type":"page","link":"https:\/\/consulting-panama.com\/de\/about-us\/","title":{"rendered":"\u00dcber uns"},"content":{"rendered":"\t\t<div data-elementor-type=\"wp-page\" data-elementor-id=\"1642\" class=\"elementor elementor-1642 elementor-41\" data-elementor-post-type=\"page\">\n\t\t\t\t\t\t<section class=\"elementor-section elementor-top-section elementor-element elementor-element-c6b5101 elementor-section-full_width elementor-section-height-min-height elementor-section-height-default elementor-section-items-middle\" data-id=\"c6b5101\" data-element_type=\"section\" data-settings=\"{&quot;background_background&quot;:&quot;classic&quot;}\">\n\t\t\t\t\t\t<div class=\"elementor-container elementor-column-gap-default\">\n\t\t\t\t\t<div class=\"elementor-column elementor-col-33 elementor-top-column elementor-element elementor-element-3c1b0fb\" data-id=\"3c1b0fb\" data-element_type=\"column\">\n\t\t\t<div class=\"elementor-widget-wrap\">\n\t\t\t\t\t\t\t<\/div>\n\t\t<\/div>\n\t\t\t\t<div class=\"elementor-column elementor-col-33 elementor-top-column elementor-element elementor-element-3824845\" data-id=\"3824845\" data-element_type=\"column\">\n\t\t\t<div class=\"elementor-widget-wrap elementor-element-populated\">\n\t\t\t\t\t\t<div class=\"elementor-element elementor-element-3d833f2 elementor-widget elementor-widget-heading\" data-id=\"3d833f2\" data-element_type=\"widget\" data-widget_type=\"heading.default\">\n\t\t\t\t<div class=\"elementor-widget-container\">\n\t\t\t<style>\/*! elementor - v3.20.0 - 26-03-2024 *\/\n.elementor-heading-title{padding:0;margin:0;line-height:1}.elementor-widget-heading .elementor-heading-title[class*=elementor-size-]>a{color:inherit;font-size:inherit;line-height:inherit}.elementor-widget-heading .elementor-heading-title.elementor-size-small{font-size:15px}.elementor-widget-heading .elementor-heading-title.elementor-size-medium{font-size:19px}.elementor-widget-heading .elementor-heading-title.elementor-size-large{font-size:29px}.elementor-widget-heading .elementor-heading-title.elementor-size-xl{font-size:39px}.elementor-widget-heading .elementor-heading-title.elementor-size-xxl{font-size:59px}<\/style><h2 class=\"elementor-heading-title elementor-size-default\">Unser Auftrag<\/h2>\t\t<\/div>\n\t\t\t\t<\/div>\n\t\t\t\t<div class=\"elementor-element elementor-element-cdb1214 elementor-widget-tablet__width-initial elementor-widget elementor-widget-text-editor\" data-id=\"cdb1214\" data-element_type=\"widget\" data-widget_type=\"text-editor.default\">\n\t\t\t\t<div class=\"elementor-widget-container\">\n\t\t\t<style>\/*! elementor - v3.20.0 - 26-03-2024 *\/\n.elementor-widget-text-editor.elementor-drop-cap-view-stacked .elementor-drop-cap{background-color:#69727d;color:#fff}.elementor-widget-text-editor.elementor-drop-cap-view-framed .elementor-drop-cap{color:#69727d;border:3px solid;background-color:transparent}.elementor-widget-text-editor:not(.elementor-drop-cap-view-default) .elementor-drop-cap{margin-top:8px}.elementor-widget-text-editor:not(.elementor-drop-cap-view-default) .elementor-drop-cap-letter{width:1em;height:1em}.elementor-widget-text-editor .elementor-drop-cap{float:left;text-align:center;line-height:1;font-size:50px}.elementor-widget-text-editor .elementor-drop-cap-letter{display:inline-block}<\/style>\t\t\t\t<p>Consulting Panama hat sich auf die Navigation in Panamas komplexer Investitionslandschaft spezialisiert und bietet fachkundige Dienstleistungen in den Bereichen Rechtsberatung, Immobilien und Gesch\u00e4ftsstrategie. Unser Ansatz basiert auf Transparenz und lokalem Fachwissen und vereinfacht komplexe Sachverhalte, um Ihre Investition in eine sorgf\u00e4ltig ausgearbeitete Erfolgsstrategie zu verwandeln. Gehen Sie mit uns eine Partnerschaft f\u00fcr intelligente und sichere Investitionen in Panama ein.<\/p>\n\t\t\t\t\t\t<\/div>\n\t\t\t\t<\/div>\n\t\t\t\t<div class=\"elementor-element elementor-element-7cd8a9a elementor-absolute elementor-widget elementor-widget-heading\" data-id=\"7cd8a9a\" data-element_type=\"widget\" data-settings=\"{&quot;_position&quot;:&quot;absolute&quot;}\" data-widget_type=\"heading.default\">\n\t\t\t\t<div class=\"elementor-widget-container\">\n\t\t\t<h4 class=\"elementor-heading-title elementor-size-default\"><a href=\"#Team\">Lernen Sie unser Team kennen<\/a><\/h4>\t\t<\/div>\n\t\t\t\t<\/div>\n\t\t\t\t<div class=\"elementor-element elementor-element-6c50626 elementor-absolute elementor-align-center elementor-widget elementor-widget-lottie\" data-id=\"6c50626\" data-element_type=\"widget\" data-settings=\"{&quot;source&quot;:&quot;external_url&quot;,&quot;source_external_url&quot;:{&quot;url&quot;:&quot;https:\\\/\\\/lottie.host\\\/ce98b1b7-f834-4c45-9fa0-3a8717e8c999\\\/d8qdajNRfo.json&quot;,&quot;is_external&quot;:&quot;&quot;,&quot;nofollow&quot;:&quot;&quot;,&quot;custom_attributes&quot;:&quot;&quot;},&quot;link_to&quot;:&quot;custom&quot;,&quot;custom_link&quot;:{&quot;url&quot;:&quot;#TeamDE&quot;,&quot;is_external&quot;:&quot;&quot;,&quot;nofollow&quot;:&quot;&quot;,&quot;custom_attributes&quot;:&quot;&quot;},&quot;loop&quot;:&quot;yes&quot;,&quot;end_point&quot;:{&quot;unit&quot;:&quot;%&quot;,&quot;size&quot;:39,&quot;sizes&quot;:[]},&quot;_position&quot;:&quot;absolute&quot;,&quot;trigger&quot;:&quot;arriving_to_viewport&quot;,&quot;viewport&quot;:{&quot;unit&quot;:&quot;%&quot;,&quot;size&quot;:&quot;&quot;,&quot;sizes&quot;:{&quot;start&quot;:0,&quot;end&quot;:100}},&quot;play_speed&quot;:{&quot;unit&quot;:&quot;px&quot;,&quot;size&quot;:1,&quot;sizes&quot;:[]},&quot;start_point&quot;:{&quot;unit&quot;:&quot;%&quot;,&quot;size&quot;:0,&quot;sizes&quot;:[]},&quot;renderer&quot;:&quot;svg&quot;}\" data-widget_type=\"lottie.default\">\n\t\t\t\t<div class=\"elementor-widget-container\">\n\t\t\t<style>\/*! elementor-pro - v3.20.0 - 26-03-2024 *\/\n.e-lottie__container{display:inline-block;max-width:var(--lottie-container-max-width);width:var(--lottie-container-width);opacity:var(--lottie-container-opacity)}.e-lottie__container:hover{opacity:var(--lottie-container-opacity-hover);transition-duration:var(--lottie-container-transition-duration-hover)}.e-lottie__container svg,.e-lottie__container svg *{transition:none!important}.e-lottie__caption{color:var(--caption-color);margin-top:var(--caption-margin-top);text-align:var(--caption-text-align)}<\/style><a class=\"e-lottie__container__link\" href=\"#TeamDE\"><div class=\"e-lottie__container\"><div class=\"e-lottie__animation\"><\/div><\/div><\/a>\t\t<\/div>\n\t\t\t\t<\/div>\n\t\t\t\t<div class=\"elementor-element elementor-element-3558402 elementor-widget elementor-widget-spacer\" data-id=\"3558402\" data-element_type=\"widget\" data-widget_type=\"spacer.default\">\n\t\t\t\t<div class=\"elementor-widget-container\">\n\t\t\t<style>\/*! elementor - v3.20.0 - 26-03-2024 *\/\n.elementor-column .elementor-spacer-inner{height:var(--spacer-size)}.e-con{--container-widget-width:100%}.e-con-inner>.elementor-widget-spacer,.e-con>.elementor-widget-spacer{width:var(--container-widget-width,var(--spacer-size));--align-self:var(--container-widget-align-self,initial);--flex-shrink:0}.e-con-inner>.elementor-widget-spacer>.elementor-widget-container,.e-con>.elementor-widget-spacer>.elementor-widget-container{height:100%;width:100%}.e-con-inner>.elementor-widget-spacer>.elementor-widget-container>.elementor-spacer,.e-con>.elementor-widget-spacer>.elementor-widget-container>.elementor-spacer{height:100%}.e-con-inner>.elementor-widget-spacer>.elementor-widget-container>.elementor-spacer>.elementor-spacer-inner,.e-con>.elementor-widget-spacer>.elementor-widget-container>.elementor-spacer>.elementor-spacer-inner{height:var(--container-widget-height,var(--spacer-size))}.e-con-inner>.elementor-widget-spacer.elementor-widget-empty,.e-con>.elementor-widget-spacer.elementor-widget-empty{position:relative;min-height:22px;min-width:22px}.e-con-inner>.elementor-widget-spacer.elementor-widget-empty .elementor-widget-empty-icon,.e-con>.elementor-widget-spacer.elementor-widget-empty .elementor-widget-empty-icon{position:absolute;top:0;bottom:0;left:0;right:0;margin:auto;padding:0;width:22px;height:22px}<\/style>\t\t<div class=\"elementor-spacer\">\n\t\t\t<div class=\"elementor-spacer-inner\"><\/div>\n\t\t<\/div>\n\t\t\t\t<\/div>\n\t\t\t\t<\/div>\n\t\t\t\t\t<\/div>\n\t\t<\/div>\n\t\t\t\t<div class=\"elementor-column elementor-col-33 elementor-top-column elementor-element elementor-element-5c3b6b7 elementor-hidden-mobile\" data-id=\"5c3b6b7\" data-element_type=\"column\">\n\t\t\t<div class=\"elementor-widget-wrap\">\n\t\t\t\t\t\t\t<\/div>\n\t\t<\/div>\n\t\t\t\t\t<\/div>\n\t\t<\/section>\n\t\t\t\t<section class=\"elementor-section elementor-top-section elementor-element elementor-element-4e9f7c7 elementor-section-height-min-height animated-slow elementor-section-boxed elementor-section-height-default elementor-section-items-middle elementor-invisible\" data-id=\"4e9f7c7\" data-element_type=\"section\" id=\"TeamDE\" data-settings=\"{&quot;animation&quot;:&quot;fadeInRight&quot;}\">\n\t\t\t\t\t\t<div class=\"elementor-container elementor-column-gap-default\">\n\t\t\t\t\t<div class=\"elementor-column elementor-col-50 elementor-top-column elementor-element elementor-element-2d101a5\" data-id=\"2d101a5\" data-element_type=\"column\">\n\t\t\t<div class=\"elementor-widget-wrap elementor-element-populated\">\n\t\t\t\t\t\t<div class=\"elementor-element elementor-element-e83ec82 elementor-widget elementor-widget-image\" data-id=\"e83ec82\" data-element_type=\"widget\" data-widget_type=\"image.default\">\n\t\t\t\t<div class=\"elementor-widget-container\">\n\t\t\t<style>\/*! elementor - v3.20.0 - 26-03-2024 *\/\n.elementor-widget-image{text-align:center}.elementor-widget-image a{display:inline-block}.elementor-widget-image a img[src$=\".svg\"]{width:48px}.elementor-widget-image img{vertical-align:middle;display:inline-block}<\/style>\t\t\t\t\t\t\t\t\t\t<img fetchpriority=\"high\" decoding=\"async\" width=\"768\" height=\"1152\" src=\"https:\/\/consulting-panama.com\/wp-content\/uploads\/2023\/09\/MG_0616-scaled-1.webp\" class=\"attachment-medium_large size-medium_large wp-image-250\" alt=\"\" srcset=\"https:\/\/consulting-panama.com\/wp-content\/uploads\/2023\/09\/MG_0616-scaled-1.webp 768w, https:\/\/consulting-panama.com\/wp-content\/uploads\/2023\/09\/MG_0616-scaled-1-200x300.webp 200w, https:\/\/consulting-panama.com\/wp-content\/uploads\/2023\/09\/MG_0616-scaled-1-683x1024.webp 683w, https:\/\/consulting-panama.com\/wp-content\/uploads\/2023\/09\/MG_0616-scaled-1-1x2.webp 1w\" sizes=\"(max-width: 768px) 100vw, 768px\" \/>\t\t\t\t\t\t\t\t\t\t\t\t\t<\/div>\n\t\t\t\t<\/div>\n\t\t\t\t\t<\/div>\n\t\t<\/div>\n\t\t\t\t<div class=\"elementor-column elementor-col-50 elementor-top-column elementor-element elementor-element-300dfc4\" data-id=\"300dfc4\" data-element_type=\"column\">\n\t\t\t<div class=\"elementor-widget-wrap elementor-element-populated\">\n\t\t\t\t\t\t<div class=\"elementor-element elementor-element-6e2b8d6 elementor-widget elementor-widget-heading\" data-id=\"6e2b8d6\" data-element_type=\"widget\" data-widget_type=\"heading.default\">\n\t\t\t\t<div class=\"elementor-widget-container\">\n\t\t\t<h2 class=\"elementor-heading-title elementor-size-default\">Alex Garrido<\/h2>\t\t<\/div>\n\t\t\t\t<\/div>\n\t\t\t\t<div class=\"elementor-element elementor-element-3ae8c6d elementor-widget elementor-widget-text-editor\" data-id=\"3ae8c6d\" data-element_type=\"widget\" data-widget_type=\"text-editor.default\">\n\t\t\t\t<div class=\"elementor-widget-container\">\n\t\t\t\t\t\t\t<p>Senior Berater  <\/p>\n\t\t\t\t\t\t<\/div>\n\t\t\t\t<\/div>\n\t\t\t\t<div class=\"elementor-element elementor-element-88a8c8e elementor-widget elementor-widget-text-editor\" data-id=\"88a8c8e\" data-element_type=\"widget\" data-widget_type=\"text-editor.default\">\n\t\t\t\t<div class=\"elementor-widget-container\">\n\t\t\t\t\t\t\t<p>Als erfahrener Anwalt und Immobilienmakler mit mehr als einem Jahrzehnt Erfahrung in Panamas Gesch\u00e4ftswelt biete ich gezielte L\u00f6sungen an, die sich darauf konzentrieren, Ihnen echte Ergebnisse zu liefern. Vergessen Sie die Floskeln; mir geht es darum, f\u00fcr Ihre Investitionen einen greifbaren Erfolg zu erzielen.<\/p>\n<p>Gepr\u00e4gt von Schl\u00fcsselerlebnissen in meiner beruflichen Laufbahn habe ich meine Praxis auf Transparenz, Einf\u00fchlungsverm\u00f6gen und sachlicher Beratung aufgebaut. Ich k\u00fcmmere mich um die Komplexit\u00e4t der Immobilien- und Gesch\u00e4ftswelt Panamas, damit Sie das nicht tun m\u00fcssen. So sparen Sie Zeit und Geld und vermeiden gleichzeitig die \u00fcblichen Fallstricke.<\/p>\n<p>Mit mir an Ihrer Seite haben Sie die Gewissheit, dass Sie von einem Experten beraten werden. Meine Aufgabe ist einfach, aber entscheidend: Sie zu informierten, sicheren und profitablen Entscheidungen in Panama zu f\u00fchren, ohne dass Sie einen Fu\u00df in das Land setzen m\u00fcssen. Vertrauen Sie mir, dass ich Ihnen den Weg zu einer erfolgreichen Investition in Panama vereinfache.<\/p>\n\t\t\t\t\t\t<\/div>\n\t\t\t\t<\/div>\n\t\t\t\t\t<\/div>\n\t\t<\/div>\n\t\t\t\t\t<\/div>\n\t\t<\/section>\n\t\t\t\t<\/div>\n\t\t","protected":false},"excerpt":{"rendered":"<p>Unser Auftrag Consulting Panama hat sich auf die Navigation in Panamas komplexer Investitionslandschaft spezialisiert und bietet fachkundige Dienstleistungen in den Bereichen Rechtsberatung, Immobilien und Gesch\u00e4ftsstrategie. Unser Ansatz basiert auf Transparenz und lokalem Fachwissen und vereinfacht komplexe Sachverhalte, um Ihre Investition in eine sorgf\u00e4ltig ausgearbeitete Erfolgsstrategie zu verwandeln. Gehen Sie mit uns eine Partnerschaft f\u00fcr intelligente [&hellip;]<\/p>\n","protected":false},"author":1,"featured_media":0,"parent":0,"menu_order":0,"comment_status":"closed","ping_status":"closed","template":"elementor_header_footer","meta":{"footnotes":""},"class_list":["post-1642","page","type-page","status-publish","hentry"],"_links":{"self":[{"href":"https:\/\/consulting-panama.com\/de\/wp-json\/wp\/v2\/pages\/1642","targetHints":{"allow":["GET"]}}],"collection":[{"href":"https:\/\/consulting-panama.com\/de\/wp-json\/wp\/v2\/pages"}],"about":[{"href":"https:\/\/consulting-panama.com\/de\/wp-json\/wp\/v2\/types\/page"}],"author":[{"embeddable":true,"href":"https:\/\/consulting-panama.com\/de\/wp-json\/wp\/v2\/users\/1"}],"replies":[{"embeddable":true,"href":"https:\/\/consulting-panama.com\/de\/wp-json\/wp\/v2\/comments?post=1642"}],"version-history":[{"count":40,"href":"https:\/\/consulting-panama.com\/de\/wp-json\/wp\/v2\/pages\/1642\/revisions"}],"predecessor-version":[{"id":2466,"href":"https:\/\/consulting-panama.com\/de\/wp-json\/wp\/v2\/pages\/1642\/revisions\/2466"}],"wp:attachment":[{"href":"https:\/\/consulting-panama.com\/de\/wp-json\/wp\/v2\/media?parent=1642"}],"curies":[{"name":"wp","href":"https:\/\/api.w.org\/{rel}","templated":true}]}}